{"id":3,"date":"2024-02-03T04:52:42","date_gmt":"2024-02-03T03:52:42","guid":{"rendered":"https:\/\/thewayclothing.com\/\/?page_id=3"},"modified":"2024-02-03T06:46:15","modified_gmt":"2024-02-03T05:46:15","slug":"politica-privacidad","status":"publish","type":"page","link":"https:\/\/thewayclothing.com\/index.php\/politica-privacidad\/","title":{"rendered":"Devoluciones"},"content":{"rendered":"\t\t<div data-elementor-type=\"wp-page\" data-elementor-id=\"3\" class=\"elementor elementor-3\" data-elementor-post-type=\"page\">\n\t\t\t\t<div class=\"elementor-element elementor-element-2ca2fd9 e-flex e-con-boxed e-con e-parent\" data-id=\"2ca2fd9\" data-element_type=\"container\" data-e-type=\"container\">\n\t\t\t\t\t<div class=\"e-con-inner\">\n\t\t\t\t<div class=\"elementor-element elementor-element-68751a1 elementor-widget elementor-widget-heading\" data-id=\"68751a1\" data-element_type=\"widget\" data-e-type=\"widget\" data-widget_type=\"heading.default\">\n\t\t\t\t<div class=\"elementor-widget-container\">\n\t\t\t\t\t<h2 class=\"elementor-heading-title elementor-size-default\">Pol\u00edticas de Devoluciones<\/h2>\t\t\t\t<\/div>\n\t\t\t\t<\/div>\n\t\t\t\t\t<\/div>\n\t\t\t\t<\/div>\n\t\t<div class=\"elementor-element elementor-element-068a7a4 e-flex e-con-boxed e-con e-parent\" data-id=\"068a7a4\" data-element_type=\"container\" data-e-type=\"container\">\n\t\t\t\t\t<div class=\"e-con-inner\">\n\t\t<div class=\"elementor-element elementor-element-d6dd1d3 e-con-full e-flex e-con e-child\" data-id=\"d6dd1d3\" data-element_type=\"container\" data-e-type=\"container\">\n\t\t\t\t<div class=\"elementor-element elementor-element-649ee76 elementor-widget elementor-widget-text-editor\" data-id=\"649ee76\" data-element_type=\"widget\" data-e-type=\"widget\" data-widget_type=\"text-editor.default\">\n\t\t\t\t<div class=\"elementor-widget-container\">\n\t\t\t\t\t\t\t\t\t<p><strong>Garant\u00eda<\/strong><\/p><p>Si la prenda que adquiri\u00f3 presenta alg\u00fan inconveniente de calidad o idoneidad, y usted ha cumplido con todas las recomendaciones de cuidado y lavado, THE WAY CLOTHING ser\u00e1 responsable de realizar el cambio del producto y asumir\u00e1 los costos de env\u00edo. Debe escribirnos a nuestro servicio al cliente +57 3225634004 notificando tu caso y se abrir\u00e1 la orden de garant\u00eda para iniciar el proceso.<br \/>La garant\u00eda de tu producto es de 1 mes a partir de fecha de compra.<br \/>El tiempo del procedimiento de garant\u00eda es de 8 -10 d\u00edas h\u00e1biles en planta.<br \/>Si el tiempo de garant\u00eda expir\u00f3 , THE WAY CLOTHING ofrece el servicio con un costo adicional.<br \/>Se proceder\u00e1 en los t\u00e9rminos y seg\u00fan las reglas establecidas en el T\u00edtulo III, Capitulo I en la Ley 1480 de 2011 \u2013 Estatuto de Protecci\u00f3n al Consumidor y el Decreto 735 de 2013.<\/p>\t\t\t\t\t\t\t\t<\/div>\n\t\t\t\t<\/div>\n\t\t\t\t<\/div>\n\t\t<div class=\"elementor-element elementor-element-94484e3 e-con-full e-flex e-con e-child\" data-id=\"94484e3\" data-element_type=\"container\" data-e-type=\"container\">\n\t\t\t\t<div class=\"elementor-element elementor-element-a392908 elementor-widget elementor-widget-text-editor\" data-id=\"a392908\" data-element_type=\"widget\" data-e-type=\"widget\" data-widget_type=\"text-editor.default\">\n\t\t\t\t<div class=\"elementor-widget-container\">\n\t\t\t\t\t\t\t\t\t<p><strong>Pol\u00edtica de devoluciones<\/strong><\/p><p>El producto debe devolverse dentro de los 30 d\u00edas calendario siguientes a la compra.<br \/>El producto no debe estar usado ni lavado.<br \/>El producto debe tener puestas todas las etiquetas, incluso cualquier etiqueta de colgado de THE WAY CLOTHING.<br \/>El producto marcado como \u201cSALE o DESCUENTO\u201d No tiene cambio.<br \/>El producto marcado como \u201dSALE o DESCUENTO\u201d no aplica para devoluciones de producto ni dinero.<br \/>Todas las devoluciones demuestras camisetas deben estar en su condici\u00f3n original, sin etiquetas postales.<br \/>THE WAY CLOTHING no asumir\u00e1 ning\u00fan costo de env\u00edo relacionado con alguna devoluci\u00f3n o cambio.<br \/>Despu\u00e9s de 30 d\u00edas de haber realizado la compra no se realizaran devoluciones o cambios.<\/p>\t\t\t\t\t\t\t\t<\/div>\n\t\t\t\t<\/div>\n\t\t\t\t<\/div>\n\t\t\t\t\t<\/div>\n\t\t\t\t<\/div>\n\t\t\t\t<\/div>\n\t\t","protected":false},"excerpt":{"rendered":"<p>Pol\u00edticas de Devoluciones Garant\u00eda Si la prenda que adquiri\u00f3 presenta alg\u00fan inconveniente de calidad o idoneidad, y usted ha cumplido con todas las recomendaciones de cuidado y lavado, THE WAY CLOTHING ser\u00e1 responsable de realizar el cambio del producto y asumir\u00e1 los costos de env\u00edo. Debe escribirnos a nuestro servicio al cliente +57 3225634004 notificando [&#8230;]\n","protected":false},"author":1,"featured_media":0,"parent":0,"menu_order":0,"comment_status":"closed","ping_status":"open","template":"","meta":{"_joinchat":[],"footnotes":""},"class_list":["post-3","page","type-page","status-publish","hentry"],"_hostinger_reach_plugin_has_subscription_block":false,"_hostinger_reach_plugin_is_elementor":false,"_links":{"self":[{"href":"https:\/\/thewayclothing.com\/index.php\/wp-json\/wp\/v2\/pages\/3","targetHints":{"allow":["GET"]}}],"collection":[{"href":"https:\/\/thewayclothing.com\/index.php\/wp-json\/wp\/v2\/pages"}],"about":[{"href":"https:\/\/thewayclothing.com\/index.php\/wp-json\/wp\/v2\/types\/page"}],"author":[{"embeddable":true,"href":"https:\/\/thewayclothing.com\/index.php\/wp-json\/wp\/v2\/users\/1"}],"replies":[{"embeddable":true,"href":"https:\/\/thewayclothing.com\/index.php\/wp-json\/wp\/v2\/comments?post=3"}],"version-history":[{"count":4,"href":"https:\/\/thewayclothing.com\/index.php\/wp-json\/wp\/v2\/pages\/3\/revisions"}],"predecessor-version":[{"id":151,"href":"https:\/\/thewayclothing.com\/index.php\/wp-json\/wp\/v2\/pages\/3\/revisions\/151"}],"wp:attachment":[{"href":"https:\/\/thewayclothing.com\/index.php\/wp-json\/wp\/v2\/media?parent=3"}],"curies":[{"name":"wp","href":"https:\/\/api.w.org\/{rel}","templated":true}]}}