{"id":1276,"date":"2026-03-18T20:35:14","date_gmt":"2026-03-18T19:35:14","guid":{"rendered":"https:\/\/thewayclothing.com\/?post_type=product&#038;p=1276"},"modified":"2026-03-18T20:35:52","modified_gmt":"2026-03-18T19:35:52","slug":"amada-por-dios","status":"publish","type":"product","link":"https:\/\/thewayclothing.com\/index.php\/product\/amada-por-dios\/","title":{"rendered":"Amada por Dios"},"content":{"rendered":"<p data-path-to-node=\"15\">La <b>L\u00ednea Premium<\/b> nace de la fusi\u00f3n entre las \u00faltimas tendencias de moda y los mensajes que edifican el alma. Esta categor\u00eda se destaca por sus siluetas modernas, presentando detalles como aberturas en forma de coraz\u00f3n que le dan un aire fresco, juvenil y sofisticado a tu outfit.<\/p>\n<p data-path-to-node=\"16\">Ya sea que prefieras tonos intensos o neutros, esta colecci\u00f3n te ofrece versatilidad. Es la prenda ideal para combinar con blazers, chaquetas de jean o lucir sola para destacar su dise\u00f1o \u00fanico. No es solo una camiseta, es una declaraci\u00f3n de estilo y confianza en los planes perfectos de Dios.<\/p>\n<p data-path-to-node=\"17\"><b>Detalles que enamoran:<\/b><\/p>\n<ul data-path-to-node=\"18\">\n<li>\n<p data-path-to-node=\"18,0,0\"><b>Fit Moderno:<\/b> Se ajusta a tu cuerpo resaltando tu figura de forma c\u00f3moda.<\/p>\n<\/li>\n<li>\n<p data-path-to-node=\"18,1,0\"><b>Acabados de Lujo:<\/b> Costuras reforzadas y bordes limpios en los cortes decorativos.<\/p>\n<\/li>\n<li>\n<p data-path-to-node=\"18,2,0\"><b>Coleccionables:<\/b> Disponible en varios colores para que tengas uno para cada ocasi\u00f3n.<\/p>\n<\/li>\n<\/ul>\n","protected":false},"excerpt":{"rendered":"<p>Ya sea que prefieras tonos intensos o neutros, esta colecci\u00f3n te ofrece versatilidad. Es la prenda ideal para combinar con blazers, chaquetas de jean o lucir sola para destacar su dise\u00f1o \u00fanico. No es solo una camiseta, es una declaraci\u00f3n de estilo y confianza en los planes perfectos de Dios.<\/p>\n","protected":false},"featured_media":1281,"template":"","meta":{"_joinchat":[]},"product_brand":[],"product_cat":[25,57],"product_tag":[],"class_list":{"0":"post-1276","1":"product","2":"type-product","3":"status-publish","4":"has-post-thumbnail","6":"product_cat-premium","7":"product_cat-basicas-premium-dama","9":"first","10":"instock","11":"shipping-taxable","12":"purchasable","13":"product-type-variable"},"tiered_pricing_type":"fixed","tiered_pricing_fixed_rules":[],"tiered_pricing_product_settings":{"layout":"default","base_unit_name":{"singular":null,"plural":null},"default_variation":null},"tiered_pricing_minimum_quantity":null,"tiered_pricing_roles_data":[],"tiered_pricing_percentage_rules":[],"_links":{"self":[{"href":"https:\/\/thewayclothing.com\/index.php\/wp-json\/wp\/v2\/product\/1276","targetHints":{"allow":["GET"]}}],"collection":[{"href":"https:\/\/thewayclothing.com\/index.php\/wp-json\/wp\/v2\/product"}],"about":[{"href":"https:\/\/thewayclothing.com\/index.php\/wp-json\/wp\/v2\/types\/product"}],"wp:featuredmedia":[{"embeddable":true,"href":"https:\/\/thewayclothing.com\/index.php\/wp-json\/wp\/v2\/media\/1281"}],"wp:attachment":[{"href":"https:\/\/thewayclothing.com\/index.php\/wp-json\/wp\/v2\/media?parent=1276"}],"wp:term":[{"taxonomy":"product_brand","embeddable":true,"href":"https:\/\/thewayclothing.com\/index.php\/wp-json\/wp\/v2\/product_brand?post=1276"},{"taxonomy":"product_cat","embeddable":true,"href":"https:\/\/thewayclothing.com\/index.php\/wp-json\/wp\/v2\/product_cat?post=1276"},{"taxonomy":"product_tag","embeddable":true,"href":"https:\/\/thewayclothing.com\/index.php\/wp-json\/wp\/v2\/product_tag?post=1276"}],"curies":[{"name":"wp","href":"https:\/\/api.w.org\/{rel}","templated":true}]}}