{"id":1351,"date":"2026-03-18T21:27:39","date_gmt":"2026-03-18T20:27:39","guid":{"rendered":"https:\/\/thewayclothing.com\/?post_type=product&#038;p=1351"},"modified":"2026-04-09T16:08:36","modified_gmt":"2026-04-09T14:08:36","slug":"pantalon-stambul","status":"publish","type":"product","link":"https:\/\/thewayclothing.com\/index.php\/product\/pantalon-stambul\/","title":{"rendered":"Pantal\u00f3n Stambul"},"content":{"rendered":"<p data-start=\"731\" data-end=\"779\">Este no es solo un pantal\u00f3n. <em>Es una declaraci\u00f3n.<\/em><\/p>\n<p data-start=\"781\" data-end=\"1011\">Nuestro pantal\u00f3n cargo ha sido dise\u00f1ado para quienes entienden que la fe tambi\u00e9n se vive en lo cotidiano. Cada detalle \u2014desde su corte c\u00f3modo hasta sus bolsillos funcionales\u2014 refleja una vida pr\u00e1ctica, intencional y con prop\u00f3sito.<\/p>\n<p data-start=\"1013\" data-end=\"1280\">Fabricado con materiales de alta calidad, ofrece una textura suave, resistente y perfecta para acompa\u00f1arte en cualquier momento: desde tu rutina diaria hasta encuentros donde tu estilo habla por ti. Porque creemos que lo que usas tambi\u00e9n puede comunicar lo que crees.<\/p>\n<p data-start=\"1282\" data-end=\"1449\">Su dise\u00f1o vers\u00e1til se adapta a m\u00faltiples estilos: casual, urbano o minimalista, permiti\u00e9ndote combinarlo f\u00e1cilmente mientras mantienes una est\u00e9tica limpia y aut\u00e9ntica.<\/p>\n<p data-start=\"1451\" data-end=\"1618\">Este pantal\u00f3n es parte de un movimiento: personas que caminan firmes, viven con prop\u00f3sito y reflejan su fe sin necesidad de decir una sola palabra.<\/p>\n<p data-start=\"1620\" data-end=\"1638\"><strong>Caracter\u00edsticas:<\/strong><\/p>\n<ul data-start=\"1639\" data-end=\"1821\">\n<li data-section-id=\"aivvcn\" data-start=\"1639\" data-end=\"1678\">\n<p data-start=\"1641\" data-end=\"1678\">Corte c\u00f3modo y moderno (fit relajado)<\/p>\n<\/li>\n<li data-section-id=\"fu1rug\" data-start=\"1679\" data-end=\"1713\">\n<p data-start=\"1681\" data-end=\"1713\">Bolsillos tipo cargo funcionales<\/p>\n<\/li>\n<li data-section-id=\"alsqc5\" data-start=\"1714\" data-end=\"1749\">\n<p data-start=\"1716\" data-end=\"1749\">Tela suave, resistente y duradera<\/p>\n<\/li>\n<li data-section-id=\"1jouhi7\" data-start=\"1750\" data-end=\"1797\">\n<p data-start=\"1752\" data-end=\"1797\">F\u00e1cil de combinar (look urbano \/ minimalista)<\/p>\n<\/li>\n<li data-section-id=\"scdace\" data-start=\"1798\" data-end=\"1821\">\n<p data-start=\"1800\" data-end=\"1821\">Ideal para uso diario<\/p>\n<\/li>\n<\/ul>\n<p data-start=\"1823\" data-end=\"1877\">Porque no solo vistes bien\u2026<em> vistes con prop\u00f3sito.<\/em><\/p>\n","protected":false},"excerpt":{"rendered":"<p>Pantal\u00f3n cargo de estilo moderno y c\u00f3modo, dise\u00f1ado para acompa\u00f1arte en tu d\u00eda a d\u00eda con prop\u00f3sito. Su silueta relajada, bolsillos funcionales y acabado premium lo convierten en una prenda vers\u00e1til que combina fe, estilo y autenticidad.<\/p>\n","protected":false},"featured_media":1354,"template":"","meta":{"_joinchat":[]},"product_brand":[],"product_cat":[83,82],"product_tag":[],"class_list":{"0":"post-1351","1":"product","2":"type-product","3":"status-publish","4":"has-post-thumbnail","6":"product_cat-dama-2","7":"product_cat-pantalon","9":"first","10":"instock","11":"shipping-taxable","12":"purchasable","13":"product-type-variable"},"tiered_pricing_type":"fixed","tiered_pricing_fixed_rules":[],"tiered_pricing_product_settings":{"layout":"default","base_unit_name":{"singular":null,"plural":null},"default_variation":null},"tiered_pricing_minimum_quantity":null,"tiered_pricing_roles_data":[],"tiered_pricing_percentage_rules":[],"_links":{"self":[{"href":"https:\/\/thewayclothing.com\/index.php\/wp-json\/wp\/v2\/product\/1351","targetHints":{"allow":["GET"]}}],"collection":[{"href":"https:\/\/thewayclothing.com\/index.php\/wp-json\/wp\/v2\/product"}],"about":[{"href":"https:\/\/thewayclothing.com\/index.php\/wp-json\/wp\/v2\/types\/product"}],"wp:featuredmedia":[{"embeddable":true,"href":"https:\/\/thewayclothing.com\/index.php\/wp-json\/wp\/v2\/media\/1354"}],"wp:attachment":[{"href":"https:\/\/thewayclothing.com\/index.php\/wp-json\/wp\/v2\/media?parent=1351"}],"wp:term":[{"taxonomy":"product_brand","embeddable":true,"href":"https:\/\/thewayclothing.com\/index.php\/wp-json\/wp\/v2\/product_brand?post=1351"},{"taxonomy":"product_cat","embeddable":true,"href":"https:\/\/thewayclothing.com\/index.php\/wp-json\/wp\/v2\/product_cat?post=1351"},{"taxonomy":"product_tag","embeddable":true,"href":"https:\/\/thewayclothing.com\/index.php\/wp-json\/wp\/v2\/product_tag?post=1351"}],"curies":[{"name":"wp","href":"https:\/\/api.w.org\/{rel}","templated":true}]}}