{"id":1380,"date":"2026-03-18T21:36:53","date_gmt":"2026-03-18T20:36:53","guid":{"rendered":"https:\/\/thewayclothing.com\/?post_type=product&#038;p=1380"},"modified":"2026-03-18T22:27:40","modified_gmt":"2026-03-18T21:27:40","slug":"soy-linaje-escogido","status":"publish","type":"product","link":"https:\/\/thewayclothing.com\/index.php\/product\/soy-linaje-escogido\/","title":{"rendered":"Soy linaje escogido"},"content":{"rendered":"<p data-start=\"2956\" data-end=\"3017\">Nuestra colecci\u00f3n de b\u00e1sicas para mujer redefine lo esencial.<\/p>\n<p data-start=\"3019\" data-end=\"3185\">Cada camiseta ha sido dise\u00f1ada con un enfoque en la simplicidad, la funcionalidad y la est\u00e9tica atemporal, permiti\u00e9ndote construir un estilo s\u00f3lido desde lo esencial.<\/p>\n<p data-start=\"3187\" data-end=\"3301\">Son prendas que no pasan de moda, que puedes usar una y otra vez, y que siempre funcionan sin importar la ocasi\u00f3n.<\/p>\n<p data-start=\"3303\" data-end=\"3394\">Gracias a su confecci\u00f3n de alta calidad, ofrecen una experiencia c\u00f3moda, ligera y duradera.<\/p>\n<p data-start=\"3396\" data-end=\"3450\">Porque el verdadero estilo empieza con buenos b\u00e1sicos.<\/p>\n","protected":false},"excerpt":{"rendered":"<p>Camisetas b\u00e1sicas con dise\u00f1o limpio y atemporal. Pensadas para mujeres que valoran lo simple y funcional.<\/p>\n","protected":false},"featured_media":1384,"template":"","meta":{"_joinchat":[]},"product_brand":[],"product_cat":[23,17],"product_tag":[],"class_list":{"0":"post-1380","1":"product","2":"type-product","3":"status-publish","4":"has-post-thumbnail","6":"product_cat-dama","7":"product_cat-camiseta-basica","9":"first","10":"instock","11":"shipping-taxable","12":"purchasable","13":"product-type-variable"},"tiered_pricing_type":"fixed","tiered_pricing_fixed_rules":[],"tiered_pricing_product_settings":{"layout":"default","base_unit_name":{"singular":null,"plural":null},"default_variation":null},"tiered_pricing_minimum_quantity":null,"tiered_pricing_roles_data":[],"tiered_pricing_percentage_rules":[],"_links":{"self":[{"href":"https:\/\/thewayclothing.com\/index.php\/wp-json\/wp\/v2\/product\/1380","targetHints":{"allow":["GET"]}}],"collection":[{"href":"https:\/\/thewayclothing.com\/index.php\/wp-json\/wp\/v2\/product"}],"about":[{"href":"https:\/\/thewayclothing.com\/index.php\/wp-json\/wp\/v2\/types\/product"}],"wp:featuredmedia":[{"embeddable":true,"href":"https:\/\/thewayclothing.com\/index.php\/wp-json\/wp\/v2\/media\/1384"}],"wp:attachment":[{"href":"https:\/\/thewayclothing.com\/index.php\/wp-json\/wp\/v2\/media?parent=1380"}],"wp:term":[{"taxonomy":"product_brand","embeddable":true,"href":"https:\/\/thewayclothing.com\/index.php\/wp-json\/wp\/v2\/product_brand?post=1380"},{"taxonomy":"product_cat","embeddable":true,"href":"https:\/\/thewayclothing.com\/index.php\/wp-json\/wp\/v2\/product_cat?post=1380"},{"taxonomy":"product_tag","embeddable":true,"href":"https:\/\/thewayclothing.com\/index.php\/wp-json\/wp\/v2\/product_tag?post=1380"}],"curies":[{"name":"wp","href":"https:\/\/api.w.org\/{rel}","templated":true}]}}