{"id":1396,"date":"2026-03-18T21:58:09","date_gmt":"2026-03-18T20:58:09","guid":{"rendered":"https:\/\/thewayclothing.com\/?post_type=product&#038;p=1396"},"modified":"2026-03-18T22:01:44","modified_gmt":"2026-03-18T21:01:44","slug":"para-dios-todo-es-posible-2","status":"publish","type":"product","link":"https:\/\/thewayclothing.com\/index.php\/product\/para-dios-todo-es-posible-2\/","title":{"rendered":"Para Dios todo es posible"},"content":{"rendered":"<p data-start=\"4323\" data-end=\"4456\">Dise\u00f1adas para acompa\u00f1arte en cada momento, nuestras camisetas b\u00e1sicas premium para mujer combinan funcionalidad, estilo y prop\u00f3sito.<\/p>\n<p data-start=\"4458\" data-end=\"4613\">Son prendas vers\u00e1tiles que se adaptan a tu ritmo de vida, desde un d\u00eda casual hasta una salida especial, brind\u00e1ndote siempre comodidad y un look impecable.<\/p>\n<p data-start=\"4615\" data-end=\"4752\">Gracias a sus materiales de alta calidad, ofrecen frescura, suavidad y resistencia, manteniendo su forma y apariencia lavado tras lavado.<\/p>\n<p data-start=\"4754\" data-end=\"4854\">Adem\u00e1s, sus mensajes sutiles aportan un valor emocional que conecta contigo y con quienes te rodean.<\/p>\n<p data-start=\"4856\" data-end=\"4924\">Una colecci\u00f3n pensada para mujeres que viven con intenci\u00f3n y estilo.<\/p>\n","protected":false},"excerpt":{"rendered":"<p>Camisetas c\u00f3modas, frescas y modernas para mujer. Perfectas para tu d\u00eda a d\u00eda con un toque de inspiraci\u00f3n.<\/p>\n","protected":false},"featured_media":1399,"template":"","meta":{"_joinchat":[]},"product_brand":[],"product_cat":[25,57],"product_tag":[],"class_list":{"0":"post-1396","1":"product","2":"type-product","3":"status-publish","4":"has-post-thumbnail","6":"product_cat-premium","7":"product_cat-basicas-premium-dama","9":"first","10":"instock","11":"shipping-taxable","12":"purchasable","13":"product-type-variable"},"tiered_pricing_type":"fixed","tiered_pricing_fixed_rules":[],"tiered_pricing_product_settings":{"layout":"default","base_unit_name":{"singular":null,"plural":null},"default_variation":null},"tiered_pricing_minimum_quantity":null,"tiered_pricing_roles_data":[],"tiered_pricing_percentage_rules":[],"_links":{"self":[{"href":"https:\/\/thewayclothing.com\/index.php\/wp-json\/wp\/v2\/product\/1396","targetHints":{"allow":["GET"]}}],"collection":[{"href":"https:\/\/thewayclothing.com\/index.php\/wp-json\/wp\/v2\/product"}],"about":[{"href":"https:\/\/thewayclothing.com\/index.php\/wp-json\/wp\/v2\/types\/product"}],"wp:featuredmedia":[{"embeddable":true,"href":"https:\/\/thewayclothing.com\/index.php\/wp-json\/wp\/v2\/media\/1399"}],"wp:attachment":[{"href":"https:\/\/thewayclothing.com\/index.php\/wp-json\/wp\/v2\/media?parent=1396"}],"wp:term":[{"taxonomy":"product_brand","embeddable":true,"href":"https:\/\/thewayclothing.com\/index.php\/wp-json\/wp\/v2\/product_brand?post=1396"},{"taxonomy":"product_cat","embeddable":true,"href":"https:\/\/thewayclothing.com\/index.php\/wp-json\/wp\/v2\/product_cat?post=1396"},{"taxonomy":"product_tag","embeddable":true,"href":"https:\/\/thewayclothing.com\/index.php\/wp-json\/wp\/v2\/product_tag?post=1396"}],"curies":[{"name":"wp","href":"https:\/\/api.w.org\/{rel}","templated":true}]}}