{"id":913,"date":"2025-09-07T03:23:13","date_gmt":"2025-09-07T01:23:13","guid":{"rendered":"https:\/\/thewayclothing.com\/?post_type=product&#038;p=913"},"modified":"2025-10-10T16:56:51","modified_gmt":"2025-10-10T14:56:51","slug":"set-beige","status":"publish","type":"product","link":"https:\/\/thewayclothing.com\/index.php\/product\/set-beige\/","title":{"rendered":"Set falda\/short | Beige"},"content":{"rendered":"<p>Hay una magia especial en un look coordinado. Es intencional, es pulcro y tiene un impacto visual inmediato. Este set est\u00e1 dise\u00f1ado para la mujer que sabe lo que quiere y no teme destacarse. Cada detalle, desde el corte hasta la ca\u00edda de la tela, ha sido pensado para crear una silueta armoniosa y poderosa.<\/p>\n<p>Si\u00e9ntete segura y sofisticada al instante. Es el tipo de outfit que no necesita presentaci\u00f3n, porque habla por s\u00ed solo.<\/p>\n<ul>\n<li>\ud83d\udcbc <b>Elegancia Profesional:<\/b> Ll\u00e9valo con un blazer para un look creativo y profesional.<\/li>\n<li>\u2728 <b>Acabados de Lujo:<\/b> Detalles que marcan la diferencia y elevan la prenda.<\/li>\n<li>\ud83d\ude80 <b>Confianza Instant\u00e1nea:<\/b> P\u00f3ntelo y siente c\u00f3mo tu seguridad se dispara.<\/li>\n<\/ul>\n","protected":false},"excerpt":{"rendered":"<p>Nada dice \u00abtengo el control de mi estilo\u00bb como un conjunto perfectamente coordinado. Eleva tu presencia con este set que proyecta confianza, sofisticaci\u00f3n y un impecable sentido de la moda.<\/p>\n","protected":false},"featured_media":934,"template":"","meta":{"_joinchat":[]},"product_brand":[],"product_cat":[67],"product_tag":[],"class_list":{"0":"post-913","1":"product","2":"type-product","3":"status-publish","4":"has-post-thumbnail","6":"product_cat-sets","8":"first","9":"instock","10":"shipping-taxable","11":"purchasable","12":"product-type-variable"},"tiered_pricing_type":"fixed","tiered_pricing_fixed_rules":[],"tiered_pricing_product_settings":{"layout":"default","base_unit_name":{"singular":null,"plural":null},"default_variation":null},"tiered_pricing_minimum_quantity":null,"tiered_pricing_roles_data":[],"tiered_pricing_percentage_rules":[],"_links":{"self":[{"href":"https:\/\/thewayclothing.com\/index.php\/wp-json\/wp\/v2\/product\/913","targetHints":{"allow":["GET"]}}],"collection":[{"href":"https:\/\/thewayclothing.com\/index.php\/wp-json\/wp\/v2\/product"}],"about":[{"href":"https:\/\/thewayclothing.com\/index.php\/wp-json\/wp\/v2\/types\/product"}],"wp:featuredmedia":[{"embeddable":true,"href":"https:\/\/thewayclothing.com\/index.php\/wp-json\/wp\/v2\/media\/934"}],"wp:attachment":[{"href":"https:\/\/thewayclothing.com\/index.php\/wp-json\/wp\/v2\/media?parent=913"}],"wp:term":[{"taxonomy":"product_brand","embeddable":true,"href":"https:\/\/thewayclothing.com\/index.php\/wp-json\/wp\/v2\/product_brand?post=913"},{"taxonomy":"product_cat","embeddable":true,"href":"https:\/\/thewayclothing.com\/index.php\/wp-json\/wp\/v2\/product_cat?post=913"},{"taxonomy":"product_tag","embeddable":true,"href":"https:\/\/thewayclothing.com\/index.php\/wp-json\/wp\/v2\/product_tag?post=913"}],"curies":[{"name":"wp","href":"https:\/\/api.w.org\/{rel}","templated":true}]}}