{"id":990,"date":"2025-09-24T01:46:07","date_gmt":"2025-09-23T23:46:07","guid":{"rendered":"https:\/\/thewayclothing.com\/?post_type=product&#038;p=990"},"modified":"2025-12-05T18:47:05","modified_gmt":"2025-12-05T17:47:05","slug":"child-of-god","status":"publish","type":"product","link":"https:\/\/thewayclothing.com\/index.php\/product\/child-of-god\/","title":{"rendered":"Child of God"},"content":{"rendered":"<p>Los cl\u00e1sicos est\u00e1n para reinventarse. Vimos el potencial de la camiseta y el hoodie y nos preguntamos: \u00bfc\u00f3mo podemos hacerlo m\u00e1s relevante, m\u00e1s c\u00f3modo, m\u00e1s <i>t\u00fa<\/i>? La respuesta fue la silueta oversize.<\/p>\n<p>Mantuvimos la simplicidad de un b\u00e1sico, pero exageramos las proporciones para crear algo completamente nuevo. Con hombros ca\u00eddos que van m\u00e1s all\u00e1 de la norma y un ancho que te permite respirar, esta prenda es la evoluci\u00f3n natural del b\u00e1sico de armario.<\/p>\n<ul>\n<li>\ud83d\ude80 <b>Un Cl\u00e1sico Evolucionado:<\/b> El confort de siempre, con el estilo de ma\u00f1ana.<\/li>\n<li>\ud83d\udd1d <b>Eleva lo Cotidiano:<\/b> Transforma un look de \u00abcamiseta y jeans\u00bb en un statement de moda.<\/li>\n<li>\ud83d\udc8e <b>Calidad en los Detalles:<\/b> Desde el cuello reforzado hasta las costuras, cada elemento est\u00e1 pensado.<\/li>\n<\/ul>\n","protected":false},"excerpt":{"rendered":"<p>Tomamos la camiseta o el hoodie cl\u00e1sico y lo deconstruimos. Le dimos nuevas proporciones, una ca\u00edda m\u00e1s dram\u00e1tica y una dosis extra de actitud. El b\u00e1sico que conoces, pero reimaginado para el ahora.<\/p>\n","protected":false},"featured_media":998,"template":"","meta":{"_joinchat":[]},"product_brand":[],"product_cat":[22,52],"product_tag":[],"class_list":{"0":"post-990","1":"product","2":"type-product","3":"status-publish","4":"has-post-thumbnail","6":"product_cat-oversize","7":"product_cat-oversize-dama","9":"first","10":"instock","11":"shipping-taxable","12":"purchasable","13":"product-type-variable"},"tiered_pricing_type":"fixed","tiered_pricing_fixed_rules":[],"tiered_pricing_product_settings":{"layout":"default","base_unit_name":{"singular":null,"plural":null},"default_variation":null},"tiered_pricing_minimum_quantity":null,"tiered_pricing_roles_data":[],"tiered_pricing_percentage_rules":[],"_links":{"self":[{"href":"https:\/\/thewayclothing.com\/index.php\/wp-json\/wp\/v2\/product\/990","targetHints":{"allow":["GET"]}}],"collection":[{"href":"https:\/\/thewayclothing.com\/index.php\/wp-json\/wp\/v2\/product"}],"about":[{"href":"https:\/\/thewayclothing.com\/index.php\/wp-json\/wp\/v2\/types\/product"}],"wp:featuredmedia":[{"embeddable":true,"href":"https:\/\/thewayclothing.com\/index.php\/wp-json\/wp\/v2\/media\/998"}],"wp:attachment":[{"href":"https:\/\/thewayclothing.com\/index.php\/wp-json\/wp\/v2\/media?parent=990"}],"wp:term":[{"taxonomy":"product_brand","embeddable":true,"href":"https:\/\/thewayclothing.com\/index.php\/wp-json\/wp\/v2\/product_brand?post=990"},{"taxonomy":"product_cat","embeddable":true,"href":"https:\/\/thewayclothing.com\/index.php\/wp-json\/wp\/v2\/product_cat?post=990"},{"taxonomy":"product_tag","embeddable":true,"href":"https:\/\/thewayclothing.com\/index.php\/wp-json\/wp\/v2\/product_tag?post=990"}],"curies":[{"name":"wp","href":"https:\/\/api.w.org\/{rel}","templated":true}]}}